{"id":75,"date":"2020-01-27T08:29:32","date_gmt":"2020-01-27T08:29:32","guid":{"rendered":"https:\/\/demosites.io\/web-agency-gb\/?page_id=75"},"modified":"2025-12-02T16:00:07","modified_gmt":"2025-12-02T15:00:07","slug":"kontakt","status":"publish","type":"page","link":"https:\/\/tmlogistic.pl\/?page_id=75","title":{"rendered":"Kontakt"},"content":{"rendered":"\n<section id=\"wp-block-themeisle-blocks-advanced-columns-335a2f03\" class=\"wp-block-themeisle-blocks-advanced-columns alignfull has-1-columns has-desktop-equal-layout has-tablet-equal-layout has-mobile-equal-layout has-vertical-flex-start\"><div class=\"wp-block-themeisle-blocks-advanced-columns-overlay\"><\/div><div class=\"innerblocks-wrap\">\n<div id=\"wp-block-themeisle-blocks-advanced-column-5d90343f\" class=\"wp-block-themeisle-blocks-advanced-column\">\n<section id=\"wp-block-themeisle-blocks-advanced-columns-b2ead1d6\" class=\"wp-block-themeisle-blocks-advanced-columns has-1-columns has-desktop-equal-layout has-tablet-equal-layout has-mobile-collapsedRows-layout has-vertical-center\"><div class=\"wp-block-themeisle-blocks-advanced-columns-overlay\"><\/div><div class=\"innerblocks-wrap\">\n<div id=\"wp-block-themeisle-blocks-advanced-column-7c705a1c\" class=\"wp-block-themeisle-blocks-advanced-column has-light-bg\">\n<div id=\"wp-block-themeisle-blocks-font-awesome-icons-0124d678\" class=\"wp-block-themeisle-blocks-font-awesome-icons\"><span class=\"wp-block-themeisle-blocks-font-awesome-icons-container\"><svg xmlns=\"http:\/\/www.w3.org\/2000\/svg\" viewBox=\"0 0 1800 1800\"><path d=\"M531.087,344.727c0.247,0,0.492,0.033,0.739,0.033h453.558c16.819,0,30.444-13.625,30.444-30.436 c0-16.815-13.625-30.435-30.444-30.435H638.226H531.826c-16.811,0-30.44,13.62-30.44,30.435 C501.386,330.885,514.624,344.331,531.087,344.727z\"><\/path><path d=\"M531.826,497.389h749.422c16.814,0,30.443-13.629,30.443-30.439c0-16.814-13.629-30.439-30.443-30.439 H531.826c-16.811,0-30.44,13.625-30.44,30.439C501.386,483.76,515.016,497.389,531.826,497.389z\"><\/path><path d=\"M531.826,650.009h749.422c16.814,0,30.443-13.633,30.443-30.444c0-8.872-3.822-16.827-9.877-22.389 c-5.424-4.982-12.625-8.046-20.566-8.046H531.826c-7.938,0-15.143,3.064-20.567,8.046c-6.054,5.562-9.873,13.517-9.873,22.389 C501.386,636.376,515.016,650.009,531.826,650.009z\"><\/path><path d=\"M1311.691,772.194c0-16.806-13.629-30.436-30.443-30.436H531.826c-16.811,0-30.44,13.629-30.44,30.436 c0,16.815,13.629,30.444,30.44,30.444h749.422C1298.063,802.638,1311.691,789.009,1311.691,772.194z\"><\/path><path d=\"M1772.088,533.511c-2.481-3.422-5.691-6.4-9.603-8.622l-246.454-139.961v-82.389v-9.853 c-1.264-7.738-5.432-14.501-11.406-19.066l-49.465-42.835l-131.073-113.508l-61.889-53.596c-5.286-4.582-11.866-7.021-18.591-7.275 h-2.197H937.55h-66.904H383.746c-47.809,0-86.705,38.895-86.705,86.696V382.15L61.554,515.893 c-31.678,11.565-54.396,41.913-54.396,77.54v1067.543c0,45.554,37.064,82.618,82.622,82.618h1625.598 c45.558,0,82.623-37.064,82.623-82.618V593.433C1798,569.839,1788.002,548.583,1772.088,533.511z M1614.426,510.814l92.579,52.583 l-11.661,8.301l-179.313,127.664V571.698v-60.883v-55.873L1614.426,510.814z M1405.5,267.454h-132.895V152.361L1405.5,267.454z M357.922,571.698v-60.883v-93.226v-70.01V143.102c0-14.239,11.585-25.825,25.824-25.825h379.699H886.73h34.734h123.285h167.617 v180.296c0,16.631,13.483,30.11,30.119,30.11h212.674v22.668v70.015v90.448v60.883V742.7l-397.298,282.87l-50.781,36.148 l-18.591,13.241l-81.088,57.728l-81.093-57.728l-18.611-13.25l-50.782-36.155L357.922,741.483V571.698z M193.76,510.814 l103.281-58.649v58.649v60.883V698.14L119.448,571.698l-14.597-10.395L193.76,510.814z M68.036,1648.984V609.822l229.005,163.047 l60.88,43.344L710.7,1067.38l-8.372,7.58l-67.267,60.871L68.036,1648.984z M121.495,1682.723l604.294-546.892l35.693-32.304 l45.37,32.304l82.897,59.028c5.283,3.76,11.462,5.637,17.653,5.637c6.187,0,12.369-1.877,17.652-5.637l82.889-59.028l45.354-32.286 l35.686,32.286l604.311,546.892H121.495z M1737.119,1640.271l-557.41-504.439l-67.267-60.871l-8.359-7.563l351.077-249.962 l60.871-43.348l221.088-157.407V1640.271z\"><\/path><\/svg><\/span><\/div>\n\n\n\n<h2 id=\"wp-block-themeisle-blocks-advanced-heading-96b3d8d2\" class=\"wp-block-themeisle-blocks-advanced-heading wp-block-themeisle-blocks-advanced-heading-96b3d8d2\">Napisz wiadomo\u015b\u0107 lub odwied\u017a Nas.<\/h2>\n\n\n\n<div style=\"height:40px\" aria-hidden=\"true\" class=\"wp-block-spacer\"><\/div>\n\n\n\n<div id=\"wp-block-themeisle-blocks-advanced-columns-613b918a\" class=\"wp-block-themeisle-blocks-advanced-columns has-2-columns has-desktop-equal-layout has-tablet-equal-layout has-mobile-collapsedRows-layout has-vertical-unset\"><div class=\"wp-block-themeisle-blocks-advanced-columns-overlay\"><\/div><div class=\"innerblocks-wrap\">\n<div id=\"wp-block-themeisle-blocks-advanced-column-e25fd911\" class=\"wp-block-themeisle-blocks-advanced-column has-light-bg\">\n<p>Skontaktuj si\u0119 z nami, odpowiemy na wszystkie twoje pytania.<\/p>\n\n\n\n<p><strong>TM Logistic Polska Sp. z o.o.<\/strong><\/p>\n\n\n\n<div id=\"wp-block-themeisle-blocks-icon-list-3dde94c3\" class=\"wp-block-themeisle-blocks-icon-list\">\n<div id=\"wp-block-themeisle-blocks-icon-list-item-cc5e88ce\" class=\"wp-block-themeisle-blocks-icon-list-item\"><i class=\"fas fa-map-marker-alt wp-block-themeisle-blocks-icon-list-item-icon\"><\/i><p class=\"wp-block-themeisle-blocks-icon-list-item-content\">D\u0119bowa 20, 56-400 Spalice<\/p><\/div>\n\n\n\n<div id=\"wp-block-themeisle-blocks-icon-list-item-29a6a9fd\" class=\"wp-block-themeisle-blocks-icon-list-item\"><i class=\"fas fa-phone wp-block-themeisle-blocks-icon-list-item-icon\"><\/i><p class=\"wp-block-themeisle-blocks-icon-list-item-content\">+48 665 452 200<\/p><\/div>\n\n\n\n<div id=\"wp-block-themeisle-blocks-icon-list-item-26943cc3\" class=\"wp-block-themeisle-blocks-icon-list-item\"><i class=\"far fa-envelope wp-block-themeisle-blocks-icon-list-item-icon\"><\/i><p class=\"wp-block-themeisle-blocks-icon-list-item-content\">info@tmlogistic.pl<\/p><\/div>\n<\/div>\n\n\n\n<p>KRS: 0000565417<br>NIP: PL9112011114<br>REGON: 361948943<\/p>\n\n\n\n<div style=\"height:20px\" aria-hidden=\"true\" class=\"wp-block-spacer\"><\/div>\n\n\n\n<p id=\"wp-block-themeisle-blocks-advanced-heading-4a4373b7\" class=\"wp-block-themeisle-blocks-advanced-heading wp-block-themeisle-blocks-advanced-heading-4a4373b7\"><strong>\u015aLEDZ NAS<\/strong><\/p>\n\n\n\n<ul class=\"wp-block-social-links has-large-icon-size is-style-logos-only is-layout-flex wp-block-social-links-is-layout-flex\"><li class=\"wp-social-link wp-social-link-facebook  wp-block-social-link\"><a href=\"https:\/\/www.facebook.com\/profile.php?id=100067459020659\" class=\"wp-block-social-link-anchor\"><svg width=\"24\" height=\"24\" viewBox=\"0 0 24 24\" version=\"1.1\" xmlns=\"http:\/\/www.w3.org\/2000\/svg\" aria-hidden=\"true\" focusable=\"false\"><path d=\"M12 2C6.5 2 2 6.5 2 12c0 5 3.7 9.1 8.4 9.9v-7H7.9V12h2.5V9.8c0-2.5 1.5-3.9 3.8-3.9 1.1 0 2.2.2 2.2.2v2.5h-1.3c-1.2 0-1.6.8-1.6 1.6V12h2.8l-.4 2.9h-2.3v7C18.3 21.1 22 17 22 12c0-5.5-4.5-10-10-10z\"><\/path><\/svg><span class=\"wp-block-social-link-label screen-reader-text\">Facebook<\/span><\/a><\/li>\n\n<li class=\"wp-social-link wp-social-link-linkedin  wp-block-social-link\"><a href=\"https:\/\/www.linkedin.com\/company\/110087374\/admin\/dashboard\/\" class=\"wp-block-social-link-anchor\"><svg width=\"24\" height=\"24\" viewBox=\"0 0 24 24\" version=\"1.1\" xmlns=\"http:\/\/www.w3.org\/2000\/svg\" aria-hidden=\"true\" focusable=\"false\"><path d=\"M19.7,3H4.3C3.582,3,3,3.582,3,4.3v15.4C3,20.418,3.582,21,4.3,21h15.4c0.718,0,1.3-0.582,1.3-1.3V4.3 C21,3.582,20.418,3,19.7,3z M8.339,18.338H5.667v-8.59h2.672V18.338z M7.004,8.574c-0.857,0-1.549-0.694-1.549-1.548 c0-0.855,0.691-1.548,1.549-1.548c0.854,0,1.547,0.694,1.547,1.548C8.551,7.881,7.858,8.574,7.004,8.574z M18.339,18.338h-2.669 v-4.177c0-0.996-0.017-2.278-1.387-2.278c-1.389,0-1.601,1.086-1.601,2.206v4.249h-2.667v-8.59h2.559v1.174h0.037 c0.356-0.675,1.227-1.387,2.526-1.387c2.703,0,3.203,1.779,3.203,4.092V18.338z\"><\/path><\/svg><span class=\"wp-block-social-link-label screen-reader-text\">LinkedIn<\/span><\/a><\/li><\/ul>\n<\/div>\n\n\n\n<div id=\"wp-block-themeisle-blocks-advanced-column-19d69cd2\" class=\"wp-block-themeisle-blocks-advanced-column\">\n<div id=\"wp-block-themeisle-blocks-form-8c3cb559\" class=\"wp-block-themeisle-blocks-form\" data-option-name=\"bf9b28ff82ce323187abc5d0feb0d8f07ecd8436_8c3cb559\"><form class=\"otter-form__container\">\n<div id=\"wp-block-themeisle-blocks-form-input-ca95f7ee\" class=\"wp-block-themeisle-blocks-form-input\"><label for=\"wp-block-themeisle-blocks-form-input-ca95f7ee-input\" class=\"otter-form-input-label\"><span class=\"otter-form-input-label__label\">Nazwa<\/span><span class=\"required\">*<\/span><\/label><input type=\"text\" id=\"wp-block-themeisle-blocks-form-input-ca95f7ee-input\" required class=\"otter-form-input\"\/><\/div>\n\n\n\n<div id=\"wp-block-themeisle-blocks-form-input-09250347\" class=\"wp-block-themeisle-blocks-form-input\"><label for=\"wp-block-themeisle-blocks-form-input-09250347-input\" class=\"otter-form-input-label\"><span class=\"otter-form-input-label__label\">Email<\/span><span class=\"required\">*<\/span><\/label><input type=\"email\" id=\"wp-block-themeisle-blocks-form-input-09250347-input\" required class=\"otter-form-input\"\/><\/div>\n\n\n\n<div id=\"wp-block-themeisle-blocks-form-textarea-8475221a\" class=\"wp-block-themeisle-blocks-form-textarea\"><label for=\"wp-block-themeisle-blocks-form-textarea-8475221a-input\" class=\"otter-form-textarea-label\"><span class=\"otter-form-textarea-label__label\">Wiadomo\u015b\u0107<\/span><\/label><textarea id=\"wp-block-themeisle-blocks-form-textarea-8475221a-input\" rows=\"10\" class=\"otter-form-textarea-input\"><\/textarea><\/div>\n\n\n\n<p class=\"has-extra-small-font-size\">Wyra\u017casz zgod\u0119 na kontakt poprzez e-mail naciskaj\u0105c przycisk wy\u015blij.<\/p>\n\n\n<div class=\"protection\" aria-hidden=\"true\"><input type=\"hidden\" id=\"wp-block-themeisle-blocks-form-8c3cb559_nonce_field\" name=\"wp-block-themeisle-blocks-form-8c3cb559_nonce_field\" value=\"b49701e813\" \/><input type=\"hidden\" name=\"_wp_http_referer\" value=\"\/index.php?rest_route=%2Fwp%2Fv2%2Fpages%2F75\" \/><input class=\"o-anti-bot\" type=\"checkbox\"><\/div><div class=\"wp-block-button\"><button class=\"wp-block-button__link\" type=\"submit\">Wy\u015blij<\/button><\/div><\/form><\/div>\n<\/div>\n<\/div><\/div>\n<\/div>\n<\/div><\/section>\n<\/div>\n<\/div><\/section>\n\n\n<div style=\"height:400pxpx;\" class=\"wp-block-themeisle-blocks-leaflet-map\" id=\"wp-block-themeisle-blocks-leaflet-map-15ce8f9c\"><\/div>\n<script type=\"text\/javascript\">\n\t\/* <![CDATA[ *\/\n\t\tif ( ! window.themeisleLeafletMaps ) window.themeisleLeafletMaps =[];\n\t\twindow.themeisleLeafletMaps.push( { container: \"wp-block-themeisle-blocks-leaflet-map-15ce8f9c\", attributes: {\"id\":\"wp-block-themeisle-blocks-leaflet-map-15ce8f9c\",\"location\":\"Ole\\u015bnica\",\"latitude\":\"51.20688339486562\",\"longitude\":\"17.380371093750004\",\"bbox\":\"17.179527282714847,51.163844261348224,17.58121490478516,51.24988234575167\",\"zoom\":12,\"markers\":[{\"id\":\"3b7753cb-8ab8-437d-872c-e9b20b659c81\",\"location\":\"ds\",\"title\":\"Siedziba\",\"icon\":\"https:\\\/\\\/maps.google.com\\\/mapfiles\\\/ms\\\/icons\\\/red-dot.png\",\"description\":\"<p>Siedziba<\\\/p>\",\"latitude\":\"51.21978054172318\",\"longitude\":\"17.419452483502194\"},{\"id\":\"88fb5f20-93c9-477f-988b-5e3b10e52f16\",\"location\":\"\",\"title\":\"TM Logistic Polska sp. z o.o.\",\"icon\":\"https:\\\/\\\/maps.google.com\\\/mapfiles\\\/ms\\\/icons\\\/orange-dot.png\",\"description\":\"<p>Cie\\u015ble 26C, 56-400 Cie\\u015ble<br \\\/>Tel: +48 665 452 200<br \\\/>mail: info@tmlogistic.pl<\\\/p>\",\"latitude\":51.22532394395407,\"longitude\":17.461294724381823}],\"height\":\"400px\",\"zoomControl\":true,\"draggable\":true,\"hasCustomCSS\":false,\"customCSS\":\"\",\"otterConditions\":[]} } );\n\t\/* ]]> *\/\n<\/script>\n","protected":false},"excerpt":{"rendered":"","protected":false},"author":1,"featured_media":1395,"parent":0,"menu_order":0,"comment_status":"closed","ping_status":"closed","template":"","meta":{"neve_meta_sidebar":"full-width","neve_meta_container":"contained","neve_meta_enable_content_width":"on","neve_meta_content_width":100,"neve_meta_title_alignment":"","neve_meta_author_avatar":"","neve_post_elements_order":"","neve_meta_disable_header":"","neve_meta_disable_footer":"","neve_meta_disable_title":"on","_themeisle_gutenberg_block_has_review":false,"footnotes":""},"class_list":["post-75","page","type-page","status-publish","has-post-thumbnail","hentry"],"yoast_head":"<!-- This site is optimized with the Yoast SEO plugin v27.4 - https:\/\/yoast.com\/product\/yoast-seo-wordpress\/ -->\n<title>Kontakt - TM Logistic Polska \u2013 Transport, Spedycja, Logistyka<\/title>\n<meta name=\"robots\" content=\"index, follow, max-snippet:-1, max-image-preview:large, max-video-preview:-1\" \/>\n<link rel=\"canonical\" href=\"https:\/\/tmlogistic.pl\/?page_id=75\" \/>\n<meta property=\"og:locale\" content=\"pl_PL\" \/>\n<meta property=\"og:type\" content=\"article\" \/>\n<meta property=\"og:title\" content=\"Kontakt - TM Logistic Polska \u2013 Transport, Spedycja, Logistyka\" \/>\n<meta property=\"og:url\" content=\"https:\/\/tmlogistic.pl\/?page_id=75\" \/>\n<meta property=\"og:site_name\" content=\"TM Logistic Polska \u2013 Transport, Spedycja, Logistyka\" \/>\n<meta property=\"article:modified_time\" content=\"2025-12-02T15:00:07+00:00\" \/>\n<meta property=\"og:image\" content=\"https:\/\/tmlogistic.pl\/wp-content\/uploads\/2025\/11\/kontakt-1.jpg\" \/>\n\t<meta property=\"og:image:width\" content=\"4520\" \/>\n\t<meta property=\"og:image:height\" content=\"976\" \/>\n\t<meta property=\"og:image:type\" content=\"image\/jpeg\" \/>\n<meta name=\"twitter:card\" content=\"summary_large_image\" \/>\n<meta name=\"twitter:label1\" content=\"Szacowany czas czytania\" \/>\n\t<meta name=\"twitter:data1\" content=\"1 minuta\" \/>\n<script type=\"application\/ld+json\" class=\"yoast-schema-graph\">{\"@context\":\"https:\\\/\\\/schema.org\",\"@graph\":[{\"@type\":\"WebPage\",\"@id\":\"https:\\\/\\\/tmlogistic.pl\\\/?page_id=75\",\"url\":\"https:\\\/\\\/tmlogistic.pl\\\/?page_id=75\",\"name\":\"Kontakt - TM Logistic Polska \u2013 Transport, Spedycja, Logistyka\",\"isPartOf\":{\"@id\":\"https:\\\/\\\/tmlogistic.pl\\\/#website\"},\"primaryImageOfPage\":{\"@id\":\"https:\\\/\\\/tmlogistic.pl\\\/?page_id=75#primaryimage\"},\"image\":{\"@id\":\"https:\\\/\\\/tmlogistic.pl\\\/?page_id=75#primaryimage\"},\"thumbnailUrl\":\"https:\\\/\\\/tmlogistic.pl\\\/wp-content\\\/uploads\\\/2025\\\/11\\\/kontakt-1.jpg\",\"datePublished\":\"2020-01-27T08:29:32+00:00\",\"dateModified\":\"2025-12-02T15:00:07+00:00\",\"breadcrumb\":{\"@id\":\"https:\\\/\\\/tmlogistic.pl\\\/?page_id=75#breadcrumb\"},\"inLanguage\":\"pl-PL\",\"potentialAction\":[{\"@type\":\"ReadAction\",\"target\":[\"https:\\\/\\\/tmlogistic.pl\\\/?page_id=75\"]}]},{\"@type\":\"ImageObject\",\"inLanguage\":\"pl-PL\",\"@id\":\"https:\\\/\\\/tmlogistic.pl\\\/?page_id=75#primaryimage\",\"url\":\"https:\\\/\\\/tmlogistic.pl\\\/wp-content\\\/uploads\\\/2025\\\/11\\\/kontakt-1.jpg\",\"contentUrl\":\"https:\\\/\\\/tmlogistic.pl\\\/wp-content\\\/uploads\\\/2025\\\/11\\\/kontakt-1.jpg\",\"width\":4520,\"height\":976},{\"@type\":\"BreadcrumbList\",\"@id\":\"https:\\\/\\\/tmlogistic.pl\\\/?page_id=75#breadcrumb\",\"itemListElement\":[{\"@type\":\"ListItem\",\"position\":1,\"name\":\"Strona g\u0142\u00f3wna\",\"item\":\"http:\\\/\\\/tmlogistic.pl\\\/\"},{\"@type\":\"ListItem\",\"position\":2,\"name\":\"Kontakt\"}]},{\"@type\":\"WebSite\",\"@id\":\"https:\\\/\\\/tmlogistic.pl\\\/#website\",\"url\":\"https:\\\/\\\/tmlogistic.pl\\\/\",\"name\":\"TM Logistic Polska \u2013 Transport, Spedycja, Logistyka\",\"description\":\"Transport Krajowy oraz Mi\u0119dzynarodowy, Spedycja ca\u0142opojazdowa\",\"publisher\":{\"@id\":\"https:\\\/\\\/tmlogistic.pl\\\/#organization\"},\"alternateName\":\"Rodzinna firma transportowa. Krajowy i mi\u0119dzynarodowy transport drogowy, spedycja i logistyka 24\\\/7. Nowoczesna flota, terminowo\u015b\u0107, bezpiecze\u0144stwo.\",\"potentialAction\":[{\"@type\":\"SearchAction\",\"target\":{\"@type\":\"EntryPoint\",\"urlTemplate\":\"https:\\\/\\\/tmlogistic.pl\\\/?s={search_term_string}\"},\"query-input\":{\"@type\":\"PropertyValueSpecification\",\"valueRequired\":true,\"valueName\":\"search_term_string\"}}],\"inLanguage\":\"pl-PL\"},{\"@type\":\"Organization\",\"@id\":\"https:\\\/\\\/tmlogistic.pl\\\/#organization\",\"name\":\"TM Logistic Polska \u2013 Transport, Spedycja, Logistyka\",\"alternateName\":\"Transport ca\u0142opojazdowy, Spedycja oraz Logistyka\",\"url\":\"https:\\\/\\\/tmlogistic.pl\\\/\",\"logo\":{\"@type\":\"ImageObject\",\"inLanguage\":\"pl-PL\",\"@id\":\"https:\\\/\\\/tmlogistic.pl\\\/#\\\/schema\\\/logo\\\/image\\\/\",\"url\":\"https:\\\/\\\/tmlogistic.pl\\\/wp-content\\\/uploads\\\/2024\\\/03\\\/TM-Logistic_prezentacja.png\",\"contentUrl\":\"https:\\\/\\\/tmlogistic.pl\\\/wp-content\\\/uploads\\\/2024\\\/03\\\/TM-Logistic_prezentacja.png\",\"width\":1221,\"height\":535,\"caption\":\"TM Logistic Polska \u2013 Transport, Spedycja, Logistyka\"},\"image\":{\"@id\":\"https:\\\/\\\/tmlogistic.pl\\\/#\\\/schema\\\/logo\\\/image\\\/\"}}]}<\/script>\n<!-- \/ Yoast SEO plugin. -->","yoast_head_json":{"title":"Kontakt - TM Logistic Polska \u2013 Transport, Spedycja, Logistyka","robots":{"index":"index","follow":"follow","max-snippet":"max-snippet:-1","max-image-preview":"max-image-preview:large","max-video-preview":"max-video-preview:-1"},"canonical":"https:\/\/tmlogistic.pl\/?page_id=75","og_locale":"pl_PL","og_type":"article","og_title":"Kontakt - TM Logistic Polska \u2013 Transport, Spedycja, Logistyka","og_url":"https:\/\/tmlogistic.pl\/?page_id=75","og_site_name":"TM Logistic Polska \u2013 Transport, Spedycja, Logistyka","article_modified_time":"2025-12-02T15:00:07+00:00","og_image":[{"width":4520,"height":976,"url":"https:\/\/tmlogistic.pl\/wp-content\/uploads\/2025\/11\/kontakt-1.jpg","type":"image\/jpeg"}],"twitter_card":"summary_large_image","twitter_misc":{"Szacowany czas czytania":"1 minuta"},"schema":{"@context":"https:\/\/schema.org","@graph":[{"@type":"WebPage","@id":"https:\/\/tmlogistic.pl\/?page_id=75","url":"https:\/\/tmlogistic.pl\/?page_id=75","name":"Kontakt - TM Logistic Polska \u2013 Transport, Spedycja, Logistyka","isPartOf":{"@id":"https:\/\/tmlogistic.pl\/#website"},"primaryImageOfPage":{"@id":"https:\/\/tmlogistic.pl\/?page_id=75#primaryimage"},"image":{"@id":"https:\/\/tmlogistic.pl\/?page_id=75#primaryimage"},"thumbnailUrl":"https:\/\/tmlogistic.pl\/wp-content\/uploads\/2025\/11\/kontakt-1.jpg","datePublished":"2020-01-27T08:29:32+00:00","dateModified":"2025-12-02T15:00:07+00:00","breadcrumb":{"@id":"https:\/\/tmlogistic.pl\/?page_id=75#breadcrumb"},"inLanguage":"pl-PL","potentialAction":[{"@type":"ReadAction","target":["https:\/\/tmlogistic.pl\/?page_id=75"]}]},{"@type":"ImageObject","inLanguage":"pl-PL","@id":"https:\/\/tmlogistic.pl\/?page_id=75#primaryimage","url":"https:\/\/tmlogistic.pl\/wp-content\/uploads\/2025\/11\/kontakt-1.jpg","contentUrl":"https:\/\/tmlogistic.pl\/wp-content\/uploads\/2025\/11\/kontakt-1.jpg","width":4520,"height":976},{"@type":"BreadcrumbList","@id":"https:\/\/tmlogistic.pl\/?page_id=75#breadcrumb","itemListElement":[{"@type":"ListItem","position":1,"name":"Strona g\u0142\u00f3wna","item":"http:\/\/tmlogistic.pl\/"},{"@type":"ListItem","position":2,"name":"Kontakt"}]},{"@type":"WebSite","@id":"https:\/\/tmlogistic.pl\/#website","url":"https:\/\/tmlogistic.pl\/","name":"TM Logistic Polska \u2013 Transport, Spedycja, Logistyka","description":"Transport Krajowy oraz Mi\u0119dzynarodowy, Spedycja ca\u0142opojazdowa","publisher":{"@id":"https:\/\/tmlogistic.pl\/#organization"},"alternateName":"Rodzinna firma transportowa. Krajowy i mi\u0119dzynarodowy transport drogowy, spedycja i logistyka 24\/7. Nowoczesna flota, terminowo\u015b\u0107, bezpiecze\u0144stwo.","potentialAction":[{"@type":"SearchAction","target":{"@type":"EntryPoint","urlTemplate":"https:\/\/tmlogistic.pl\/?s={search_term_string}"},"query-input":{"@type":"PropertyValueSpecification","valueRequired":true,"valueName":"search_term_string"}}],"inLanguage":"pl-PL"},{"@type":"Organization","@id":"https:\/\/tmlogistic.pl\/#organization","name":"TM Logistic Polska \u2013 Transport, Spedycja, Logistyka","alternateName":"Transport ca\u0142opojazdowy, Spedycja oraz Logistyka","url":"https:\/\/tmlogistic.pl\/","logo":{"@type":"ImageObject","inLanguage":"pl-PL","@id":"https:\/\/tmlogistic.pl\/#\/schema\/logo\/image\/","url":"https:\/\/tmlogistic.pl\/wp-content\/uploads\/2024\/03\/TM-Logistic_prezentacja.png","contentUrl":"https:\/\/tmlogistic.pl\/wp-content\/uploads\/2024\/03\/TM-Logistic_prezentacja.png","width":1221,"height":535,"caption":"TM Logistic Polska \u2013 Transport, Spedycja, Logistyka"},"image":{"@id":"https:\/\/tmlogistic.pl\/#\/schema\/logo\/image\/"}}]}},"_links":{"self":[{"href":"https:\/\/tmlogistic.pl\/index.php?rest_route=\/wp\/v2\/pages\/75","targetHints":{"allow":["GET"]}}],"collection":[{"href":"https:\/\/tmlogistic.pl\/index.php?rest_route=\/wp\/v2\/pages"}],"about":[{"href":"https:\/\/tmlogistic.pl\/index.php?rest_route=\/wp\/v2\/types\/page"}],"author":[{"embeddable":true,"href":"https:\/\/tmlogistic.pl\/index.php?rest_route=\/wp\/v2\/users\/1"}],"replies":[{"embeddable":true,"href":"https:\/\/tmlogistic.pl\/index.php?rest_route=%2Fwp%2Fv2%2Fcomments&post=75"}],"version-history":[{"count":43,"href":"https:\/\/tmlogistic.pl\/index.php?rest_route=\/wp\/v2\/pages\/75\/revisions"}],"predecessor-version":[{"id":1440,"href":"https:\/\/tmlogistic.pl\/index.php?rest_route=\/wp\/v2\/pages\/75\/revisions\/1440"}],"wp:featuredmedia":[{"embeddable":true,"href":"https:\/\/tmlogistic.pl\/index.php?rest_route=\/wp\/v2\/media\/1395"}],"wp:attachment":[{"href":"https:\/\/tmlogistic.pl\/index.php?rest_route=%2Fwp%2Fv2%2Fmedia&parent=75"}],"curies":[{"name":"wp","href":"https:\/\/api.w.org\/{rel}","templated":true}]}}