{"id":566,"date":"2024-03-13T15:22:46","date_gmt":"2024-03-13T14:22:46","guid":{"rendered":"http:\/\/serwer264809.lh.pl\/autoinstalator\/serwer264809.lh.pl\/wordpress59408\/?page_id=566"},"modified":"2025-01-19T18:51:40","modified_gmt":"2025-01-19T17:51:40","slug":"transport-spedition","status":"publish","type":"page","link":"https:\/\/tmlogistic.pl\/?page_id=566&lang=en","title":{"rendered":"Transport &#038; Spedition"},"content":{"rendered":"\n<div class=\"wp-block-cover alignfull is-light\" style=\"min-height:505px;aspect-ratio:unset;\"><span aria-hidden=\"true\" class=\"wp-block-cover__background has-nv-dark-bg-background-color has-background-dim\"><\/span><img loading=\"lazy\" decoding=\"async\" width=\"1996\" height=\"1331\" class=\"wp-block-cover__image-background wp-image-707\" alt=\"\" src=\"http:\/\/tmlogistic.pl\/wp-content\/uploads\/2025\/01\/pexels-pixabay-257636.webp\" data-object-fit=\"cover\" srcset=\"https:\/\/tmlogistic.pl\/wp-content\/uploads\/2025\/01\/pexels-pixabay-257636.webp 1996w, https:\/\/tmlogistic.pl\/wp-content\/uploads\/2025\/01\/pexels-pixabay-257636-300x200.webp 300w, https:\/\/tmlogistic.pl\/wp-content\/uploads\/2025\/01\/pexels-pixabay-257636-1024x683.webp 1024w, https:\/\/tmlogistic.pl\/wp-content\/uploads\/2025\/01\/pexels-pixabay-257636-768x512.webp 768w, https:\/\/tmlogistic.pl\/wp-content\/uploads\/2025\/01\/pexels-pixabay-257636-1536x1024.webp 1536w, https:\/\/tmlogistic.pl\/wp-content\/uploads\/2025\/01\/pexels-pixabay-257636-930x620.webp 930w\" sizes=\"auto, (max-width: 1996px) 100vw, 1996px\" \/><div class=\"wp-block-cover__inner-container is-layout-flow wp-block-cover-is-layout-flow\">\n<div class=\"wp-block-cover aligncenter is-light\" style=\"min-height:200px;aspect-ratio:unset;\"><span aria-hidden=\"true\" class=\"wp-block-cover__background has-nv-site-bg-background-color has-background-dim-100 has-background-dim\"><\/span><div class=\"wp-block-cover__inner-container is-layout-flow wp-block-cover-is-layout-flow\">\n<h1 class=\"wp-block-heading has-text-align-center has-neve-text-color-color has-text-color\">Transport &amp; Spedition<\/h1>\n\n\n\n<p class=\"has-text-align-center\">We operate on the domestic and international market. We try to create our offer based on the real needs of our customers.<\/p>\n<\/div><\/div>\n<\/div><\/div>\n\n\n\n<div class=\"wp-block-cover alignfull is-light\"><span aria-hidden=\"true\" class=\"wp-block-cover__background has-nv-site-bg-background-color has-background-dim-100 has-background-dim\"><\/span><div class=\"wp-block-cover__inner-container is-layout-flow wp-block-cover-is-layout-flow\">\n<div style=\"height:80px\" aria-hidden=\"true\" class=\"wp-block-spacer\"><\/div>\n\n\n\n<div class=\"wp-block-columns is-layout-flex wp-container-core-columns-is-layout-9d6595d7 wp-block-columns-is-layout-flex\">\n<div class=\"wp-block-column is-layout-flow wp-block-column-is-layout-flow\">\n<h2 class=\"wp-block-heading has-neve-text-color-color has-text-color\">Transport<\/h2>\n\n\n\n<p class=\"has-neve-text-color-color has-text-color\">TM Logistic Polska Sp. z o. o. offers its clients a wide range of services in the field of transport and forwarding. We operate on the domestic and international market. We try to create our offer based on the real needs of our clients.<\/p>\n<\/div>\n\n\n\n<div class=\"wp-block-column is-layout-flow wp-block-column-is-layout-flow\">\n<h2 class=\"wp-block-heading has-neve-text-color-color has-text-color\">Spedition<\/h2>\n\n\n\n<p class=\"has-neve-text-color-color has-text-color has-link-color wp-elements-0eebe0f4e36f94569beed6f250d594a7\">We cooperate with local leaders in the international forwarding market, so we can offer you attractive lead times and high quality services.<\/p>\n<\/div>\n<\/div>\n\n\n\n<div style=\"height:40px\" aria-hidden=\"true\" class=\"wp-block-spacer\"><\/div>\n<\/div><\/div>\n\n\n\n<div class=\"wp-block-cover aligncenter is-light\" style=\"min-height:438px;aspect-ratio:unset;\"><span aria-hidden=\"true\" class=\"wp-block-cover__background has-nv-dark-bg-background-color has-background-dim-80 has-background-dim\"><\/span><img loading=\"lazy\" decoding=\"async\" width=\"1996\" height=\"1331\" class=\"wp-block-cover__image-background wp-image-707\" alt=\"\" src=\"http:\/\/tmlogistic.pl\/wp-content\/uploads\/2025\/01\/pexels-pixabay-257636.webp\" data-object-fit=\"cover\" srcset=\"https:\/\/tmlogistic.pl\/wp-content\/uploads\/2025\/01\/pexels-pixabay-257636.webp 1996w, https:\/\/tmlogistic.pl\/wp-content\/uploads\/2025\/01\/pexels-pixabay-257636-300x200.webp 300w, https:\/\/tmlogistic.pl\/wp-content\/uploads\/2025\/01\/pexels-pixabay-257636-1024x683.webp 1024w, https:\/\/tmlogistic.pl\/wp-content\/uploads\/2025\/01\/pexels-pixabay-257636-768x512.webp 768w, https:\/\/tmlogistic.pl\/wp-content\/uploads\/2025\/01\/pexels-pixabay-257636-1536x1024.webp 1536w, https:\/\/tmlogistic.pl\/wp-content\/uploads\/2025\/01\/pexels-pixabay-257636-930x620.webp 930w\" sizes=\"auto, (max-width: 1996px) 100vw, 1996px\" \/><div class=\"wp-block-cover__inner-container is-layout-flow wp-block-cover-is-layout-flow\">\n<h2 class=\"wp-block-heading has-text-align-center has-nv-text-dark-bg-color has-text-color\"><br>Logistics<\/h2>\n\n\n\n<h6 id=\"wp-block-themeisle-blocks-advanced-heading-f32972a2\" class=\"wp-block-themeisle-blocks-advanced-heading wp-block-themeisle-blocks-advanced-heading-f32972a2 o-typing-delay-100ms\"><font color=\"white\"><strong>Logistics is of particular importance when organizing the transport of materials that require the use of refrigeration conditions.<\/strong><\/font><\/h6>\n\n\n\n<div class=\"wp-block-buttons is-horizontal is-content-justification-center is-layout-flex wp-container-core-buttons-is-layout-499968f5 wp-block-buttons-is-layout-flex\">\n<div class=\"wp-block-button is-style-primary\"><a class=\"wp-block-button__link wp-element-button\" href=\"http:\/\/serwer264809.lh.pl\/autoinstalator\/serwer264809.lh.pl\/wordpress59408\/index.php\/logistyka-2\/\">Wi\u0119cej<\/a><\/div>\n<\/div>\n<\/div><\/div>\n\n\n\n<p><br><\/p>\n\n\n\n<div class=\"wp-block-columns is-layout-flex wp-container-core-columns-is-layout-9d6595d7 wp-block-columns-is-layout-flex\">\n<div class=\"wp-block-column is-layout-flow wp-block-column-is-layout-flow\"><div class=\"wp-block-image\">\n<figure class=\"aligncenter size-full is-resized\"><img loading=\"lazy\" decoding=\"async\" width=\"72\" height=\"72\" src=\"http:\/\/tmlogistic.pl\/wp-content\/uploads\/2020\/01\/neve-webdesign-GB-03.png\" alt=\"\" class=\"wp-image-22\" style=\"width:54px;height:auto\"\/><\/figure>\n<\/div>\n\n\n<h4 class=\"wp-block-heading has-text-align-center has-neve-text-color-color has-text-color\">Domestic and international transport<\/h4>\n<\/div>\n\n\n\n<div class=\"wp-block-column is-layout-flow wp-block-column-is-layout-flow\"><div class=\"wp-block-image\">\n<figure class=\"aligncenter size-full is-resized\"><img loading=\"lazy\" decoding=\"async\" width=\"72\" height=\"72\" src=\"http:\/\/tmlogistic.pl\/wp-content\/uploads\/2020\/01\/neve-webdesign-GB-03.png\" alt=\"\" class=\"wp-image-22\" style=\"width:54px;height:auto\"\/><\/figure>\n<\/div>\n\n\n<h4 class=\"wp-block-heading has-text-align-center has-neve-text-color-color has-text-color\">FTL Transportation<\/h4>\n<\/div>\n\n\n\n<div class=\"wp-block-column is-layout-flow wp-block-column-is-layout-flow\"><div class=\"wp-block-image\">\n<figure class=\"aligncenter size-full is-resized\"><img loading=\"lazy\" decoding=\"async\" width=\"72\" height=\"72\" src=\"http:\/\/tmlogistic.pl\/wp-content\/uploads\/2020\/01\/neve-webdesign-GB-03.png\" alt=\"\" class=\"wp-image-22\" style=\"width:54px;height:auto\"\/><\/figure>\n<\/div>\n\n\n<h4 class=\"wp-block-heading has-text-align-center has-neve-text-color-color has-text-color\">LTL Transportation<\/h4>\n<\/div>\n\n\n\n<div class=\"wp-block-column is-layout-flow wp-block-column-is-layout-flow\"><div class=\"wp-block-image\">\n<figure class=\"aligncenter size-full is-resized\"><img loading=\"lazy\" decoding=\"async\" width=\"72\" height=\"72\" src=\"http:\/\/tmlogistic.pl\/wp-content\/uploads\/2020\/01\/neve-webdesign-GB-03.png\" alt=\"\" class=\"wp-image-22\" style=\"width:54px;height:auto\"\/><\/figure>\n<\/div>\n\n\n<h4 class=\"wp-block-heading has-text-align-center has-neve-text-color-color has-text-color\">ADR Transportation<\/h4>\n<\/div>\n\n\n\n<div class=\"wp-block-column is-layout-flow wp-block-column-is-layout-flow\"><div class=\"wp-block-image\">\n<figure class=\"aligncenter size-full is-resized\"><img loading=\"lazy\" decoding=\"async\" width=\"72\" height=\"72\" src=\"http:\/\/tmlogistic.pl\/wp-content\/uploads\/2020\/01\/neve-webdesign-GB-03.png\" alt=\"\" class=\"wp-image-22\" style=\"width:54px;height:auto\"\/><\/figure>\n<\/div>\n\n\n<h4 class=\"wp-block-heading has-text-align-center has-neve-text-color-color has-text-color\">Transportation of bulk materials<\/h4>\n<\/div>\n\n\n\n<div class=\"wp-block-column is-layout-flow wp-block-column-is-layout-flow\"><div class=\"wp-block-image\">\n<figure class=\"aligncenter size-full is-resized\"><img loading=\"lazy\" decoding=\"async\" width=\"72\" height=\"72\" src=\"http:\/\/tmlogistic.pl\/wp-content\/uploads\/2020\/01\/neve-webdesign-GB-03.png\" alt=\"\" class=\"wp-image-22\" style=\"width:54px;height:auto\"\/><\/figure>\n<\/div>\n\n\n<h4 class=\"wp-block-heading has-text-align-center has-neve-text-color-color has-text-color\">Refrigerated transport<\/h4>\n<\/div>\n<\/div>\n\n\n\n<div style=\"height:20px\" aria-hidden=\"true\" class=\"wp-block-spacer\"><\/div>\n\n\n\n<p><\/p>\n\n\n\n<div class=\"wp-block-cover alignfull is-light\" style=\"min-height:391px;aspect-ratio:unset;\"><span aria-hidden=\"true\" class=\"wp-block-cover__background has-nv-dark-bg-background-color has-background-dim-100 has-background-dim\"><\/span><div class=\"wp-block-cover__inner-container is-layout-flow wp-block-cover-is-layout-flow\">\n<div class=\"wp-block-columns is-layout-flex wp-container-core-columns-is-layout-9d6595d7 wp-block-columns-is-layout-flex\">\n<div class=\"wp-block-column is-vertically-aligned-center is-layout-flow wp-block-column-is-layout-flow\" style=\"flex-basis:100%\">\n<h1 class=\"wp-block-heading has-text-align-center has-nv-text-dark-bg-color has-text-color\">Let&#8217;s start working together today!<\/h1>\n\n\n\n<div class=\"wp-block-buttons is-horizontal is-content-justification-center is-layout-flex wp-container-core-buttons-is-layout-499968f5 wp-block-buttons-is-layout-flex\">\n<div class=\"wp-block-button is-style-secondary\"><a class=\"wp-block-button__link has-neve-link-color-background-color has-background wp-element-button\">Contact<\/a><\/div>\n<\/div>\n<\/div>\n<\/div>\n<\/div><\/div>\n","protected":false},"excerpt":{"rendered":"<p>Domestic and international transport FTL Transportation LTL Transportation ADR Transportation Transportation of bulk materials Refrigerated transport<\/p>\n","protected":false},"author":1,"featured_media":0,"parent":0,"menu_order":0,"comment_status":"closed","ping_status":"closed","template":"","meta":{"neve_meta_sidebar":"full-width","neve_meta_container":"contained","neve_meta_enable_content_width":"on","neve_meta_content_width":100,"neve_meta_title_alignment":"","neve_meta_author_avatar":"","neve_post_elements_order":"","neve_meta_disable_header":"","neve_meta_disable_footer":"","neve_meta_disable_title":"on","_themeisle_gutenberg_block_has_review":false,"footnotes":""},"class_list":["post-566","page","type-page","status-publish","hentry"],"yoast_head":"<!-- This site is optimized with the Yoast SEO plugin v27.4 - https:\/\/yoast.com\/product\/yoast-seo-wordpress\/ -->\n<title>Transport &amp; Spedition - TM Logistic Polska \u2013 Transport, Spedycja, Logistyka<\/title>\n<meta name=\"robots\" content=\"index, follow, max-snippet:-1, max-image-preview:large, max-video-preview:-1\" \/>\n<link rel=\"canonical\" href=\"https:\/\/tmlogistic.pl\/?page_id=566&lang=en\" \/>\n<meta property=\"og:locale\" content=\"pl_PL\" \/>\n<meta property=\"og:type\" content=\"article\" \/>\n<meta property=\"og:title\" content=\"Transport &amp; Spedition - TM Logistic Polska \u2013 Transport, Spedycja, Logistyka\" \/>\n<meta property=\"og:description\" content=\"Domestic and international transport FTL Transportation LTL Transportation ADR Transportation Transportation of bulk materials Refrigerated transport\" \/>\n<meta property=\"og:url\" content=\"https:\/\/tmlogistic.pl\/?page_id=566&amp;lang=en\" \/>\n<meta property=\"og:site_name\" content=\"TM Logistic Polska \u2013 Transport, Spedycja, Logistyka\" \/>\n<meta property=\"article:modified_time\" content=\"2025-01-19T17:51:40+00:00\" \/>\n<meta property=\"og:image\" content=\"http:\/\/tmlogistic.pl\/wp-content\/uploads\/2025\/01\/pexels-pixabay-257636.webp\" \/>\n<meta name=\"twitter:card\" content=\"summary_large_image\" \/>\n<meta name=\"twitter:label1\" content=\"Szacowany czas czytania\" \/>\n\t<meta name=\"twitter:data1\" content=\"1 minuta\" \/>\n<script type=\"application\/ld+json\" class=\"yoast-schema-graph\">{\"@context\":\"https:\\\/\\\/schema.org\",\"@graph\":[{\"@type\":\"WebPage\",\"@id\":\"https:\\\/\\\/tmlogistic.pl\\\/?page_id=566&lang=en\",\"url\":\"https:\\\/\\\/tmlogistic.pl\\\/?page_id=566&lang=en\",\"name\":\"Transport & Spedition - TM Logistic Polska \u2013 Transport, Spedycja, Logistyka\",\"isPartOf\":{\"@id\":\"https:\\\/\\\/tmlogistic.pl\\\/#website\"},\"primaryImageOfPage\":{\"@id\":\"https:\\\/\\\/tmlogistic.pl\\\/?page_id=566&lang=en#primaryimage\"},\"image\":{\"@id\":\"https:\\\/\\\/tmlogistic.pl\\\/?page_id=566&lang=en#primaryimage\"},\"thumbnailUrl\":\"http:\\\/\\\/tmlogistic.pl\\\/wp-content\\\/uploads\\\/2025\\\/01\\\/pexels-pixabay-257636.webp\",\"datePublished\":\"2024-03-13T14:22:46+00:00\",\"dateModified\":\"2025-01-19T17:51:40+00:00\",\"breadcrumb\":{\"@id\":\"https:\\\/\\\/tmlogistic.pl\\\/?page_id=566&lang=en#breadcrumb\"},\"inLanguage\":\"pl-PL\",\"potentialAction\":[{\"@type\":\"ReadAction\",\"target\":[\"https:\\\/\\\/tmlogistic.pl\\\/?page_id=566&lang=en\"]}]},{\"@type\":\"ImageObject\",\"inLanguage\":\"pl-PL\",\"@id\":\"https:\\\/\\\/tmlogistic.pl\\\/?page_id=566&lang=en#primaryimage\",\"url\":\"https:\\\/\\\/tmlogistic.pl\\\/wp-content\\\/uploads\\\/2025\\\/01\\\/pexels-pixabay-257636.webp\",\"contentUrl\":\"https:\\\/\\\/tmlogistic.pl\\\/wp-content\\\/uploads\\\/2025\\\/01\\\/pexels-pixabay-257636.webp\",\"width\":1996,\"height\":1331},{\"@type\":\"BreadcrumbList\",\"@id\":\"https:\\\/\\\/tmlogistic.pl\\\/?page_id=566&lang=en#breadcrumb\",\"itemListElement\":[{\"@type\":\"ListItem\",\"position\":1,\"name\":\"Strona g\u0142\u00f3wna\",\"item\":\"http:\\\/\\\/tmlogistic.pl\\\/\"},{\"@type\":\"ListItem\",\"position\":2,\"name\":\"Transport &#038; Spedition\"}]},{\"@type\":\"WebSite\",\"@id\":\"https:\\\/\\\/tmlogistic.pl\\\/#website\",\"url\":\"https:\\\/\\\/tmlogistic.pl\\\/\",\"name\":\"TM Logistic Polska \u2013 Transport, Spedycja, Logistyka\",\"description\":\"Transport Krajowy oraz Mi\u0119dzynarodowy, Spedycja ca\u0142opojazdowa\",\"publisher\":{\"@id\":\"https:\\\/\\\/tmlogistic.pl\\\/#organization\"},\"alternateName\":\"Rodzinna firma transportowa. Krajowy i mi\u0119dzynarodowy transport drogowy, spedycja i logistyka 24\\\/7. Nowoczesna flota, terminowo\u015b\u0107, bezpiecze\u0144stwo.\",\"potentialAction\":[{\"@type\":\"SearchAction\",\"target\":{\"@type\":\"EntryPoint\",\"urlTemplate\":\"https:\\\/\\\/tmlogistic.pl\\\/?s={search_term_string}\"},\"query-input\":{\"@type\":\"PropertyValueSpecification\",\"valueRequired\":true,\"valueName\":\"search_term_string\"}}],\"inLanguage\":\"pl-PL\"},{\"@type\":\"Organization\",\"@id\":\"https:\\\/\\\/tmlogistic.pl\\\/#organization\",\"name\":\"TM Logistic Polska \u2013 Transport, Spedycja, Logistyka\",\"alternateName\":\"Transport ca\u0142opojazdowy, Spedycja oraz Logistyka\",\"url\":\"https:\\\/\\\/tmlogistic.pl\\\/\",\"logo\":{\"@type\":\"ImageObject\",\"inLanguage\":\"pl-PL\",\"@id\":\"https:\\\/\\\/tmlogistic.pl\\\/#\\\/schema\\\/logo\\\/image\\\/\",\"url\":\"https:\\\/\\\/tmlogistic.pl\\\/wp-content\\\/uploads\\\/2024\\\/03\\\/TM-Logistic_prezentacja.png\",\"contentUrl\":\"https:\\\/\\\/tmlogistic.pl\\\/wp-content\\\/uploads\\\/2024\\\/03\\\/TM-Logistic_prezentacja.png\",\"width\":1221,\"height\":535,\"caption\":\"TM Logistic Polska \u2013 Transport, Spedycja, Logistyka\"},\"image\":{\"@id\":\"https:\\\/\\\/tmlogistic.pl\\\/#\\\/schema\\\/logo\\\/image\\\/\"}}]}<\/script>\n<!-- \/ Yoast SEO plugin. -->","yoast_head_json":{"title":"Transport & Spedition - TM Logistic Polska \u2013 Transport, Spedycja, Logistyka","robots":{"index":"index","follow":"follow","max-snippet":"max-snippet:-1","max-image-preview":"max-image-preview:large","max-video-preview":"max-video-preview:-1"},"canonical":"https:\/\/tmlogistic.pl\/?page_id=566&lang=en","og_locale":"pl_PL","og_type":"article","og_title":"Transport & Spedition - TM Logistic Polska \u2013 Transport, Spedycja, Logistyka","og_description":"Domestic and international transport FTL Transportation LTL Transportation ADR Transportation Transportation of bulk materials Refrigerated transport","og_url":"https:\/\/tmlogistic.pl\/?page_id=566&lang=en","og_site_name":"TM Logistic Polska \u2013 Transport, Spedycja, Logistyka","article_modified_time":"2025-01-19T17:51:40+00:00","og_image":[{"url":"http:\/\/tmlogistic.pl\/wp-content\/uploads\/2025\/01\/pexels-pixabay-257636.webp","type":"","width":"","height":""}],"twitter_card":"summary_large_image","twitter_misc":{"Szacowany czas czytania":"1 minuta"},"schema":{"@context":"https:\/\/schema.org","@graph":[{"@type":"WebPage","@id":"https:\/\/tmlogistic.pl\/?page_id=566&lang=en","url":"https:\/\/tmlogistic.pl\/?page_id=566&lang=en","name":"Transport & Spedition - TM Logistic Polska \u2013 Transport, Spedycja, Logistyka","isPartOf":{"@id":"https:\/\/tmlogistic.pl\/#website"},"primaryImageOfPage":{"@id":"https:\/\/tmlogistic.pl\/?page_id=566&lang=en#primaryimage"},"image":{"@id":"https:\/\/tmlogistic.pl\/?page_id=566&lang=en#primaryimage"},"thumbnailUrl":"http:\/\/tmlogistic.pl\/wp-content\/uploads\/2025\/01\/pexels-pixabay-257636.webp","datePublished":"2024-03-13T14:22:46+00:00","dateModified":"2025-01-19T17:51:40+00:00","breadcrumb":{"@id":"https:\/\/tmlogistic.pl\/?page_id=566&lang=en#breadcrumb"},"inLanguage":"pl-PL","potentialAction":[{"@type":"ReadAction","target":["https:\/\/tmlogistic.pl\/?page_id=566&lang=en"]}]},{"@type":"ImageObject","inLanguage":"pl-PL","@id":"https:\/\/tmlogistic.pl\/?page_id=566&lang=en#primaryimage","url":"https:\/\/tmlogistic.pl\/wp-content\/uploads\/2025\/01\/pexels-pixabay-257636.webp","contentUrl":"https:\/\/tmlogistic.pl\/wp-content\/uploads\/2025\/01\/pexels-pixabay-257636.webp","width":1996,"height":1331},{"@type":"BreadcrumbList","@id":"https:\/\/tmlogistic.pl\/?page_id=566&lang=en#breadcrumb","itemListElement":[{"@type":"ListItem","position":1,"name":"Strona g\u0142\u00f3wna","item":"http:\/\/tmlogistic.pl\/"},{"@type":"ListItem","position":2,"name":"Transport &#038; Spedition"}]},{"@type":"WebSite","@id":"https:\/\/tmlogistic.pl\/#website","url":"https:\/\/tmlogistic.pl\/","name":"TM Logistic Polska \u2013 Transport, Spedycja, Logistyka","description":"Transport Krajowy oraz Mi\u0119dzynarodowy, Spedycja ca\u0142opojazdowa","publisher":{"@id":"https:\/\/tmlogistic.pl\/#organization"},"alternateName":"Rodzinna firma transportowa. Krajowy i mi\u0119dzynarodowy transport drogowy, spedycja i logistyka 24\/7. Nowoczesna flota, terminowo\u015b\u0107, bezpiecze\u0144stwo.","potentialAction":[{"@type":"SearchAction","target":{"@type":"EntryPoint","urlTemplate":"https:\/\/tmlogistic.pl\/?s={search_term_string}"},"query-input":{"@type":"PropertyValueSpecification","valueRequired":true,"valueName":"search_term_string"}}],"inLanguage":"pl-PL"},{"@type":"Organization","@id":"https:\/\/tmlogistic.pl\/#organization","name":"TM Logistic Polska \u2013 Transport, Spedycja, Logistyka","alternateName":"Transport ca\u0142opojazdowy, Spedycja oraz Logistyka","url":"https:\/\/tmlogistic.pl\/","logo":{"@type":"ImageObject","inLanguage":"pl-PL","@id":"https:\/\/tmlogistic.pl\/#\/schema\/logo\/image\/","url":"https:\/\/tmlogistic.pl\/wp-content\/uploads\/2024\/03\/TM-Logistic_prezentacja.png","contentUrl":"https:\/\/tmlogistic.pl\/wp-content\/uploads\/2024\/03\/TM-Logistic_prezentacja.png","width":1221,"height":535,"caption":"TM Logistic Polska \u2013 Transport, Spedycja, Logistyka"},"image":{"@id":"https:\/\/tmlogistic.pl\/#\/schema\/logo\/image\/"}}]}},"_links":{"self":[{"href":"https:\/\/tmlogistic.pl\/index.php?rest_route=\/wp\/v2\/pages\/566","targetHints":{"allow":["GET"]}}],"collection":[{"href":"https:\/\/tmlogistic.pl\/index.php?rest_route=\/wp\/v2\/pages"}],"about":[{"href":"https:\/\/tmlogistic.pl\/index.php?rest_route=\/wp\/v2\/types\/page"}],"author":[{"embeddable":true,"href":"https:\/\/tmlogistic.pl\/index.php?rest_route=\/wp\/v2\/users\/1"}],"replies":[{"embeddable":true,"href":"https:\/\/tmlogistic.pl\/index.php?rest_route=%2Fwp%2Fv2%2Fcomments&post=566"}],"version-history":[{"count":3,"href":"https:\/\/tmlogistic.pl\/index.php?rest_route=\/wp\/v2\/pages\/566\/revisions"}],"predecessor-version":[{"id":816,"href":"https:\/\/tmlogistic.pl\/index.php?rest_route=\/wp\/v2\/pages\/566\/revisions\/816"}],"wp:attachment":[{"href":"https:\/\/tmlogistic.pl\/index.php?rest_route=%2Fwp%2Fv2%2Fmedia&parent=566"}],"curies":[{"name":"wp","href":"https:\/\/api.w.org\/{rel}","templated":true}]}}