{"id":564,"date":"2024-03-13T15:20:21","date_gmt":"2024-03-13T14:20:21","guid":{"rendered":"http:\/\/serwer264809.lh.pl\/autoinstalator\/serwer264809.lh.pl\/wordpress59408\/?page_id=564"},"modified":"2024-03-13T15:20:21","modified_gmt":"2024-03-13T14:20:21","slug":"warehousing","status":"publish","type":"page","link":"https:\/\/tmlogistic.pl\/?page_id=564&lang=en","title":{"rendered":"Warehousing"},"content":{"rendered":"","protected":false},"excerpt":{"rendered":"","protected":false},"author":1,"featured_media":0,"parent":0,"menu_order":0,"comment_status":"closed","ping_status":"closed","template":"","meta":{"neve_meta_sidebar":"","neve_meta_container":"","neve_meta_enable_content_width":"","neve_meta_content_width":0,"neve_meta_title_alignment":"","neve_meta_author_avatar":"","neve_post_elements_order":"","neve_meta_disable_header":"","neve_meta_disable_footer":"","neve_meta_disable_title":"on","_themeisle_gutenberg_block_has_review":false,"footnotes":""},"class_list":["post-564","page","type-page","status-publish","hentry"],"yoast_head":"<!-- This site is optimized with the Yoast SEO plugin v27.4 - https:\/\/yoast.com\/product\/yoast-seo-wordpress\/ -->\n<title>Warehousing - TM Logistic Polska \u2013 Transport, Spedycja, Logistyka<\/title>\n<meta name=\"robots\" content=\"index, follow, max-snippet:-1, max-image-preview:large, max-video-preview:-1\" \/>\n<link rel=\"canonical\" href=\"https:\/\/tmlogistic.pl\/?page_id=564&lang=en\" \/>\n<meta property=\"og:locale\" content=\"pl_PL\" \/>\n<meta property=\"og:type\" content=\"article\" \/>\n<meta property=\"og:title\" content=\"Warehousing - TM Logistic Polska \u2013 Transport, Spedycja, Logistyka\" \/>\n<meta property=\"og:url\" content=\"https:\/\/tmlogistic.pl\/?page_id=564&amp;lang=en\" \/>\n<meta property=\"og:site_name\" content=\"TM Logistic Polska \u2013 Transport, Spedycja, Logistyka\" \/>\n<meta name=\"twitter:card\" content=\"summary_large_image\" \/>\n<script type=\"application\/ld+json\" class=\"yoast-schema-graph\">{\"@context\":\"https:\\\/\\\/schema.org\",\"@graph\":[{\"@type\":\"WebPage\",\"@id\":\"https:\\\/\\\/tmlogistic.pl\\\/?page_id=564&lang=en\",\"url\":\"https:\\\/\\\/tmlogistic.pl\\\/?page_id=564&lang=en\",\"name\":\"Warehousing - TM Logistic Polska \u2013 Transport, Spedycja, Logistyka\",\"isPartOf\":{\"@id\":\"https:\\\/\\\/tmlogistic.pl\\\/#website\"},\"datePublished\":\"2024-03-13T14:20:21+00:00\",\"breadcrumb\":{\"@id\":\"https:\\\/\\\/tmlogistic.pl\\\/?page_id=564&lang=en#breadcrumb\"},\"inLanguage\":\"pl-PL\",\"potentialAction\":[{\"@type\":\"ReadAction\",\"target\":[\"https:\\\/\\\/tmlogistic.pl\\\/?page_id=564&lang=en\"]}]},{\"@type\":\"BreadcrumbList\",\"@id\":\"https:\\\/\\\/tmlogistic.pl\\\/?page_id=564&lang=en#breadcrumb\",\"itemListElement\":[{\"@type\":\"ListItem\",\"position\":1,\"name\":\"Strona g\u0142\u00f3wna\",\"item\":\"http:\\\/\\\/tmlogistic.pl\\\/\"},{\"@type\":\"ListItem\",\"position\":2,\"name\":\"Warehousing\"}]},{\"@type\":\"WebSite\",\"@id\":\"https:\\\/\\\/tmlogistic.pl\\\/#website\",\"url\":\"https:\\\/\\\/tmlogistic.pl\\\/\",\"name\":\"TM Logistic Polska \u2013 Transport, Spedycja, Logistyka\",\"description\":\"Transport Krajowy oraz Mi\u0119dzynarodowy, Spedycja ca\u0142opojazdowa\",\"publisher\":{\"@id\":\"https:\\\/\\\/tmlogistic.pl\\\/#organization\"},\"alternateName\":\"Rodzinna firma transportowa. Krajowy i mi\u0119dzynarodowy transport drogowy, spedycja i logistyka 24\\\/7. Nowoczesna flota, terminowo\u015b\u0107, bezpiecze\u0144stwo.\",\"potentialAction\":[{\"@type\":\"SearchAction\",\"target\":{\"@type\":\"EntryPoint\",\"urlTemplate\":\"https:\\\/\\\/tmlogistic.pl\\\/?s={search_term_string}\"},\"query-input\":{\"@type\":\"PropertyValueSpecification\",\"valueRequired\":true,\"valueName\":\"search_term_string\"}}],\"inLanguage\":\"pl-PL\"},{\"@type\":\"Organization\",\"@id\":\"https:\\\/\\\/tmlogistic.pl\\\/#organization\",\"name\":\"TM Logistic Polska \u2013 Transport, Spedycja, Logistyka\",\"alternateName\":\"Transport ca\u0142opojazdowy, Spedycja oraz Logistyka\",\"url\":\"https:\\\/\\\/tmlogistic.pl\\\/\",\"logo\":{\"@type\":\"ImageObject\",\"inLanguage\":\"pl-PL\",\"@id\":\"https:\\\/\\\/tmlogistic.pl\\\/#\\\/schema\\\/logo\\\/image\\\/\",\"url\":\"https:\\\/\\\/tmlogistic.pl\\\/wp-content\\\/uploads\\\/2024\\\/03\\\/TM-Logistic_prezentacja.png\",\"contentUrl\":\"https:\\\/\\\/tmlogistic.pl\\\/wp-content\\\/uploads\\\/2024\\\/03\\\/TM-Logistic_prezentacja.png\",\"width\":1221,\"height\":535,\"caption\":\"TM Logistic Polska \u2013 Transport, Spedycja, Logistyka\"},\"image\":{\"@id\":\"https:\\\/\\\/tmlogistic.pl\\\/#\\\/schema\\\/logo\\\/image\\\/\"}}]}<\/script>\n<!-- \/ Yoast SEO plugin. -->","yoast_head_json":{"title":"Warehousing - TM Logistic Polska \u2013 Transport, Spedycja, Logistyka","robots":{"index":"index","follow":"follow","max-snippet":"max-snippet:-1","max-image-preview":"max-image-preview:large","max-video-preview":"max-video-preview:-1"},"canonical":"https:\/\/tmlogistic.pl\/?page_id=564&lang=en","og_locale":"pl_PL","og_type":"article","og_title":"Warehousing - TM Logistic Polska \u2013 Transport, Spedycja, Logistyka","og_url":"https:\/\/tmlogistic.pl\/?page_id=564&lang=en","og_site_name":"TM Logistic Polska \u2013 Transport, Spedycja, Logistyka","twitter_card":"summary_large_image","schema":{"@context":"https:\/\/schema.org","@graph":[{"@type":"WebPage","@id":"https:\/\/tmlogistic.pl\/?page_id=564&lang=en","url":"https:\/\/tmlogistic.pl\/?page_id=564&lang=en","name":"Warehousing - TM Logistic Polska \u2013 Transport, Spedycja, Logistyka","isPartOf":{"@id":"https:\/\/tmlogistic.pl\/#website"},"datePublished":"2024-03-13T14:20:21+00:00","breadcrumb":{"@id":"https:\/\/tmlogistic.pl\/?page_id=564&lang=en#breadcrumb"},"inLanguage":"pl-PL","potentialAction":[{"@type":"ReadAction","target":["https:\/\/tmlogistic.pl\/?page_id=564&lang=en"]}]},{"@type":"BreadcrumbList","@id":"https:\/\/tmlogistic.pl\/?page_id=564&lang=en#breadcrumb","itemListElement":[{"@type":"ListItem","position":1,"name":"Strona g\u0142\u00f3wna","item":"http:\/\/tmlogistic.pl\/"},{"@type":"ListItem","position":2,"name":"Warehousing"}]},{"@type":"WebSite","@id":"https:\/\/tmlogistic.pl\/#website","url":"https:\/\/tmlogistic.pl\/","name":"TM Logistic Polska \u2013 Transport, Spedycja, Logistyka","description":"Transport Krajowy oraz Mi\u0119dzynarodowy, Spedycja ca\u0142opojazdowa","publisher":{"@id":"https:\/\/tmlogistic.pl\/#organization"},"alternateName":"Rodzinna firma transportowa. Krajowy i mi\u0119dzynarodowy transport drogowy, spedycja i logistyka 24\/7. Nowoczesna flota, terminowo\u015b\u0107, bezpiecze\u0144stwo.","potentialAction":[{"@type":"SearchAction","target":{"@type":"EntryPoint","urlTemplate":"https:\/\/tmlogistic.pl\/?s={search_term_string}"},"query-input":{"@type":"PropertyValueSpecification","valueRequired":true,"valueName":"search_term_string"}}],"inLanguage":"pl-PL"},{"@type":"Organization","@id":"https:\/\/tmlogistic.pl\/#organization","name":"TM Logistic Polska \u2013 Transport, Spedycja, Logistyka","alternateName":"Transport ca\u0142opojazdowy, Spedycja oraz Logistyka","url":"https:\/\/tmlogistic.pl\/","logo":{"@type":"ImageObject","inLanguage":"pl-PL","@id":"https:\/\/tmlogistic.pl\/#\/schema\/logo\/image\/","url":"https:\/\/tmlogistic.pl\/wp-content\/uploads\/2024\/03\/TM-Logistic_prezentacja.png","contentUrl":"https:\/\/tmlogistic.pl\/wp-content\/uploads\/2024\/03\/TM-Logistic_prezentacja.png","width":1221,"height":535,"caption":"TM Logistic Polska \u2013 Transport, Spedycja, Logistyka"},"image":{"@id":"https:\/\/tmlogistic.pl\/#\/schema\/logo\/image\/"}}]}},"_links":{"self":[{"href":"https:\/\/tmlogistic.pl\/index.php?rest_route=\/wp\/v2\/pages\/564","targetHints":{"allow":["GET"]}}],"collection":[{"href":"https:\/\/tmlogistic.pl\/index.php?rest_route=\/wp\/v2\/pages"}],"about":[{"href":"https:\/\/tmlogistic.pl\/index.php?rest_route=\/wp\/v2\/types\/page"}],"author":[{"embeddable":true,"href":"https:\/\/tmlogistic.pl\/index.php?rest_route=\/wp\/v2\/users\/1"}],"replies":[{"embeddable":true,"href":"https:\/\/tmlogistic.pl\/index.php?rest_route=%2Fwp%2Fv2%2Fcomments&post=564"}],"version-history":[{"count":1,"href":"https:\/\/tmlogistic.pl\/index.php?rest_route=\/wp\/v2\/pages\/564\/revisions"}],"predecessor-version":[{"id":565,"href":"https:\/\/tmlogistic.pl\/index.php?rest_route=\/wp\/v2\/pages\/564\/revisions\/565"}],"wp:attachment":[{"href":"https:\/\/tmlogistic.pl\/index.php?rest_route=%2Fwp%2Fv2%2Fmedia&parent=564"}],"curies":[{"name":"wp","href":"https:\/\/api.w.org\/{rel}","templated":true}]}}