{"id":426,"date":"2024-03-09T19:22:58","date_gmt":"2024-03-09T18:22:58","guid":{"rendered":"http:\/\/serwer264809.lh.pl\/autoinstalator\/serwer264809.lh.pl\/wordpress59408\/?page_id=426"},"modified":"2025-11-27T14:46:25","modified_gmt":"2025-11-27T13:46:25","slug":"dokumenty","status":"publish","type":"page","link":"https:\/\/tmlogistic.pl\/?page_id=426","title":{"rendered":"Dokumenty"},"content":{"rendered":"\n<section id=\"wp-block-themeisle-blocks-advanced-columns-335a2f03\" class=\"wp-block-themeisle-blocks-advanced-columns alignfull has-1-columns has-desktop-equal-layout has-tablet-equal-layout has-mobile-equal-layout has-vertical-flex-start\"><div class=\"wp-block-themeisle-blocks-advanced-columns-overlay\"><\/div><div class=\"innerblocks-wrap\">\n<div id=\"wp-block-themeisle-blocks-advanced-column-5d90343f\" class=\"wp-block-themeisle-blocks-advanced-column has-light-bg\">\n<h2 id=\"wp-block-themeisle-blocks-advanced-heading-04aa1245\" class=\"wp-block-themeisle-blocks-advanced-heading wp-block-themeisle-blocks-advanced-heading-04aa1245\"><br><br>Dokumenty<\/h2>\n\n\n\n<div style=\"height:100px\" aria-hidden=\"true\" class=\"wp-block-spacer\"><\/div>\n\n\n\n<div class=\"wp-block-columns has-nv-site-bg-background-color has-background is-layout-flex wp-container-core-columns-is-layout-9d6595d7 wp-block-columns-is-layout-flex\">\n<div class=\"wp-block-column is-layout-flow wp-block-column-is-layout-flow\" style=\"border-width:1px\">\n<h4 class=\"wp-block-heading has-text-align-center\">Licencja Transportowa EU<\/h4>\n\n\n\n<p class=\"has-text-align-center\">Wa\u017cna od 28\/03\/2022 do 27\/03\/2027<\/p>\n\n\n\n<div id=\"wp-block-themeisle-blocks-font-awesome-icons-1290aa5c\" class=\"wp-block-themeisle-blocks-font-awesome-icons\"><span class=\"wp-block-themeisle-blocks-font-awesome-icons-container\"><a href=\"https:\/\/tmlogistic.pl\/wp-content\/uploads\/2024\/03\/LICENCJA-EU-2022-2027.pdf\" target=\"_self\" rel=\"noopener noreferrer\"><i class=\"fas fa-file-download\"><\/i><\/a><\/span><\/div>\n<\/div>\n\n\n\n<div class=\"wp-block-column is-layout-flow wp-block-column-is-layout-flow\" style=\"border-width:1px;padding-top:0;padding-left:0\">\n<h4 class=\"wp-block-heading has-text-align-center\">OC Przewo\u017anika drogowego<\/h4>\n\n\n\n<p class=\"has-text-align-center\">Wa\u017cne od 30\/05\/2025 do 29\/05\/2026<\/p>\n\n\n\n<div id=\"wp-block-themeisle-blocks-font-awesome-icons-6e4ff3a0\" class=\"wp-block-themeisle-blocks-font-awesome-icons\"><span class=\"wp-block-themeisle-blocks-font-awesome-icons-container\"><a href=\"https:\/\/tmlogistic.pl\/wp-content\/uploads\/2025\/06\/POLISA-COR646258-Aneksy-2026-2026.pdf\" target=\"_self\" rel=\"noopener noreferrer\"><i class=\"fas fa-file-download\"><\/i><\/a><\/span><\/div>\n<\/div>\n\n\n\n<div class=\"wp-block-column is-layout-flow wp-block-column-is-layout-flow\" style=\"border-width:1px\">\n<h4 class=\"wp-block-heading has-text-align-center\">Certyfikat OCPD<\/h4>\n\n\n\n<p class=\"has-text-align-center\">Wa\u017cny od 30\/05\/2025 do 29\/05\/2026<\/p>\n\n\n\n<div id=\"wp-block-themeisle-blocks-font-awesome-icons-2462dc90\" class=\"wp-block-themeisle-blocks-font-awesome-icons\"><span class=\"wp-block-themeisle-blocks-font-awesome-icons-container\"><a href=\"https:\/\/tmlogistic.pl\/wp-content\/uploads\/2025\/06\/COR646258-TM-LOGISTIC-2025-2026-certyfikat-OCP.pdf\" target=\"_self\" rel=\"noopener noreferrer\"><i class=\"fas fa-file-download\"><\/i><\/a><\/span><\/div>\n<\/div>\n<\/div>\n\n\n\n<div class=\"wp-block-columns has-nv-site-bg-background-color has-background is-layout-flex wp-container-core-columns-is-layout-9d6595d7 wp-block-columns-is-layout-flex\">\n<div class=\"wp-block-column is-layout-flow wp-block-column-is-layout-flow\" style=\"border-width:1px\">\n<h4 class=\"wp-block-heading has-text-align-center\">Og\u00f3lne warunki spedycyjne<\/h4>\n\n\n\n<div id=\"wp-block-themeisle-blocks-font-awesome-icons-adf60429\" class=\"wp-block-themeisle-blocks-font-awesome-icons\"><span class=\"wp-block-themeisle-blocks-font-awesome-icons-container\"><a href=\"https:\/\/tmlogistic.pl\/wp-content\/uploads\/2024\/03\/Ogolne-postanowienia-do-zlecenia.pdf\" target=\"_self\" rel=\"noopener noreferrer\"><i class=\"fas fa-file-download\"><\/i><\/a><\/span><\/div>\n\n\n\n<p class=\"has-text-align-left\"><\/p>\n<\/div>\n\n\n\n<div class=\"wp-block-column is-layout-flow wp-block-column-is-layout-flow\" style=\"border-width:1px;padding-top:0\">\n<h4 class=\"wp-block-heading has-text-align-center\">NIP TM Logistic Polska<\/h4>\n\n\n\n<div id=\"wp-block-themeisle-blocks-font-awesome-icons-a5307ffe\" class=\"wp-block-themeisle-blocks-font-awesome-icons\"><span class=\"wp-block-themeisle-blocks-font-awesome-icons-container\"><a href=\"https:\/\/tmlogistic.pl\/wp-content\/uploads\/2024\/03\/NIP-TM-Logistic-Polska.pdf\" target=\"_self\" rel=\"noopener noreferrer\"><i class=\"fas fa-file-download\"><\/i><\/a><\/span><\/div>\n\n\n\n<p class=\"has-text-align-left\"><\/p>\n<\/div>\n\n\n\n<div class=\"wp-block-column is-layout-flow wp-block-column-is-layout-flow\" style=\"border-width:1px\">\n<h4 class=\"wp-block-heading has-text-align-center\">Letterhead<\/h4>\n\n\n\n<div id=\"wp-block-themeisle-blocks-font-awesome-icons-96923572\" class=\"wp-block-themeisle-blocks-font-awesome-icons\"><span class=\"wp-block-themeisle-blocks-font-awesome-icons-container\"><a href=\"https:\/\/tmlogistic.pl\/wp-content\/uploads\/2024\/03\/Letterhead.pdf\" target=\"_self\" rel=\"noopener noreferrer\"><i class=\"fas fa-file-download\"><\/i><\/a><\/span><\/div>\n<\/div>\n<\/div>\n<\/div>\n<\/div><\/section>\n","protected":false},"excerpt":{"rendered":"","protected":false},"author":1,"featured_media":0,"parent":0,"menu_order":0,"comment_status":"closed","ping_status":"closed","template":"","meta":{"neve_meta_sidebar":"full-width","neve_meta_container":"contained","neve_meta_enable_content_width":"on","neve_meta_content_width":100,"neve_meta_title_alignment":"left","neve_meta_author_avatar":"","neve_post_elements_order":"","neve_meta_disable_header":"off","neve_meta_disable_footer":"","neve_meta_disable_title":"on","_themeisle_gutenberg_block_has_review":false,"footnotes":""},"class_list":["post-426","page","type-page","status-publish","hentry"],"yoast_head":"<!-- This site is optimized with the Yoast SEO plugin v27.4 - https:\/\/yoast.com\/product\/yoast-seo-wordpress\/ -->\n<title>Dokumenty - TM Logistic Polska \u2013 Transport, Spedycja, Logistyka<\/title>\n<meta name=\"robots\" content=\"index, follow, max-snippet:-1, max-image-preview:large, max-video-preview:-1\" \/>\n<link rel=\"canonical\" href=\"https:\/\/tmlogistic.pl\/?page_id=426\" \/>\n<meta property=\"og:locale\" content=\"pl_PL\" \/>\n<meta property=\"og:type\" content=\"article\" \/>\n<meta property=\"og:title\" content=\"Dokumenty - TM Logistic Polska \u2013 Transport, Spedycja, Logistyka\" \/>\n<meta property=\"og:url\" content=\"https:\/\/tmlogistic.pl\/?page_id=426\" \/>\n<meta property=\"og:site_name\" content=\"TM Logistic Polska \u2013 Transport, Spedycja, Logistyka\" \/>\n<meta property=\"article:modified_time\" content=\"2025-11-27T13:46:25+00:00\" \/>\n<meta name=\"twitter:card\" content=\"summary_large_image\" \/>\n<meta name=\"twitter:label1\" content=\"Szacowany czas czytania\" \/>\n\t<meta name=\"twitter:data1\" content=\"1 minuta\" \/>\n<script type=\"application\/ld+json\" class=\"yoast-schema-graph\">{\"@context\":\"https:\\\/\\\/schema.org\",\"@graph\":[{\"@type\":\"WebPage\",\"@id\":\"https:\\\/\\\/tmlogistic.pl\\\/?page_id=426\",\"url\":\"https:\\\/\\\/tmlogistic.pl\\\/?page_id=426\",\"name\":\"Dokumenty - TM Logistic Polska \u2013 Transport, Spedycja, Logistyka\",\"isPartOf\":{\"@id\":\"https:\\\/\\\/tmlogistic.pl\\\/#website\"},\"datePublished\":\"2024-03-09T18:22:58+00:00\",\"dateModified\":\"2025-11-27T13:46:25+00:00\",\"breadcrumb\":{\"@id\":\"https:\\\/\\\/tmlogistic.pl\\\/?page_id=426#breadcrumb\"},\"inLanguage\":\"pl-PL\",\"potentialAction\":[{\"@type\":\"ReadAction\",\"target\":[\"https:\\\/\\\/tmlogistic.pl\\\/?page_id=426\"]}]},{\"@type\":\"BreadcrumbList\",\"@id\":\"https:\\\/\\\/tmlogistic.pl\\\/?page_id=426#breadcrumb\",\"itemListElement\":[{\"@type\":\"ListItem\",\"position\":1,\"name\":\"Strona g\u0142\u00f3wna\",\"item\":\"http:\\\/\\\/tmlogistic.pl\\\/\"},{\"@type\":\"ListItem\",\"position\":2,\"name\":\"Dokumenty\"}]},{\"@type\":\"WebSite\",\"@id\":\"https:\\\/\\\/tmlogistic.pl\\\/#website\",\"url\":\"https:\\\/\\\/tmlogistic.pl\\\/\",\"name\":\"TM Logistic Polska \u2013 Transport, Spedycja, Logistyka\",\"description\":\"Transport Krajowy oraz Mi\u0119dzynarodowy, Spedycja ca\u0142opojazdowa\",\"publisher\":{\"@id\":\"https:\\\/\\\/tmlogistic.pl\\\/#organization\"},\"alternateName\":\"Rodzinna firma transportowa. Krajowy i mi\u0119dzynarodowy transport drogowy, spedycja i logistyka 24\\\/7. Nowoczesna flota, terminowo\u015b\u0107, bezpiecze\u0144stwo.\",\"potentialAction\":[{\"@type\":\"SearchAction\",\"target\":{\"@type\":\"EntryPoint\",\"urlTemplate\":\"https:\\\/\\\/tmlogistic.pl\\\/?s={search_term_string}\"},\"query-input\":{\"@type\":\"PropertyValueSpecification\",\"valueRequired\":true,\"valueName\":\"search_term_string\"}}],\"inLanguage\":\"pl-PL\"},{\"@type\":\"Organization\",\"@id\":\"https:\\\/\\\/tmlogistic.pl\\\/#organization\",\"name\":\"TM Logistic Polska \u2013 Transport, Spedycja, Logistyka\",\"alternateName\":\"Transport ca\u0142opojazdowy, Spedycja oraz Logistyka\",\"url\":\"https:\\\/\\\/tmlogistic.pl\\\/\",\"logo\":{\"@type\":\"ImageObject\",\"inLanguage\":\"pl-PL\",\"@id\":\"https:\\\/\\\/tmlogistic.pl\\\/#\\\/schema\\\/logo\\\/image\\\/\",\"url\":\"https:\\\/\\\/tmlogistic.pl\\\/wp-content\\\/uploads\\\/2024\\\/03\\\/TM-Logistic_prezentacja.png\",\"contentUrl\":\"https:\\\/\\\/tmlogistic.pl\\\/wp-content\\\/uploads\\\/2024\\\/03\\\/TM-Logistic_prezentacja.png\",\"width\":1221,\"height\":535,\"caption\":\"TM Logistic Polska \u2013 Transport, Spedycja, Logistyka\"},\"image\":{\"@id\":\"https:\\\/\\\/tmlogistic.pl\\\/#\\\/schema\\\/logo\\\/image\\\/\"}}]}<\/script>\n<!-- \/ Yoast SEO plugin. -->","yoast_head_json":{"title":"Dokumenty - TM Logistic Polska \u2013 Transport, Spedycja, Logistyka","robots":{"index":"index","follow":"follow","max-snippet":"max-snippet:-1","max-image-preview":"max-image-preview:large","max-video-preview":"max-video-preview:-1"},"canonical":"https:\/\/tmlogistic.pl\/?page_id=426","og_locale":"pl_PL","og_type":"article","og_title":"Dokumenty - TM Logistic Polska \u2013 Transport, Spedycja, Logistyka","og_url":"https:\/\/tmlogistic.pl\/?page_id=426","og_site_name":"TM Logistic Polska \u2013 Transport, Spedycja, Logistyka","article_modified_time":"2025-11-27T13:46:25+00:00","twitter_card":"summary_large_image","twitter_misc":{"Szacowany czas czytania":"1 minuta"},"schema":{"@context":"https:\/\/schema.org","@graph":[{"@type":"WebPage","@id":"https:\/\/tmlogistic.pl\/?page_id=426","url":"https:\/\/tmlogistic.pl\/?page_id=426","name":"Dokumenty - TM Logistic Polska \u2013 Transport, Spedycja, Logistyka","isPartOf":{"@id":"https:\/\/tmlogistic.pl\/#website"},"datePublished":"2024-03-09T18:22:58+00:00","dateModified":"2025-11-27T13:46:25+00:00","breadcrumb":{"@id":"https:\/\/tmlogistic.pl\/?page_id=426#breadcrumb"},"inLanguage":"pl-PL","potentialAction":[{"@type":"ReadAction","target":["https:\/\/tmlogistic.pl\/?page_id=426"]}]},{"@type":"BreadcrumbList","@id":"https:\/\/tmlogistic.pl\/?page_id=426#breadcrumb","itemListElement":[{"@type":"ListItem","position":1,"name":"Strona g\u0142\u00f3wna","item":"http:\/\/tmlogistic.pl\/"},{"@type":"ListItem","position":2,"name":"Dokumenty"}]},{"@type":"WebSite","@id":"https:\/\/tmlogistic.pl\/#website","url":"https:\/\/tmlogistic.pl\/","name":"TM Logistic Polska \u2013 Transport, Spedycja, Logistyka","description":"Transport Krajowy oraz Mi\u0119dzynarodowy, Spedycja ca\u0142opojazdowa","publisher":{"@id":"https:\/\/tmlogistic.pl\/#organization"},"alternateName":"Rodzinna firma transportowa. Krajowy i mi\u0119dzynarodowy transport drogowy, spedycja i logistyka 24\/7. Nowoczesna flota, terminowo\u015b\u0107, bezpiecze\u0144stwo.","potentialAction":[{"@type":"SearchAction","target":{"@type":"EntryPoint","urlTemplate":"https:\/\/tmlogistic.pl\/?s={search_term_string}"},"query-input":{"@type":"PropertyValueSpecification","valueRequired":true,"valueName":"search_term_string"}}],"inLanguage":"pl-PL"},{"@type":"Organization","@id":"https:\/\/tmlogistic.pl\/#organization","name":"TM Logistic Polska \u2013 Transport, Spedycja, Logistyka","alternateName":"Transport ca\u0142opojazdowy, Spedycja oraz Logistyka","url":"https:\/\/tmlogistic.pl\/","logo":{"@type":"ImageObject","inLanguage":"pl-PL","@id":"https:\/\/tmlogistic.pl\/#\/schema\/logo\/image\/","url":"https:\/\/tmlogistic.pl\/wp-content\/uploads\/2024\/03\/TM-Logistic_prezentacja.png","contentUrl":"https:\/\/tmlogistic.pl\/wp-content\/uploads\/2024\/03\/TM-Logistic_prezentacja.png","width":1221,"height":535,"caption":"TM Logistic Polska \u2013 Transport, Spedycja, Logistyka"},"image":{"@id":"https:\/\/tmlogistic.pl\/#\/schema\/logo\/image\/"}}]}},"_links":{"self":[{"href":"https:\/\/tmlogistic.pl\/index.php?rest_route=\/wp\/v2\/pages\/426","targetHints":{"allow":["GET"]}}],"collection":[{"href":"https:\/\/tmlogistic.pl\/index.php?rest_route=\/wp\/v2\/pages"}],"about":[{"href":"https:\/\/tmlogistic.pl\/index.php?rest_route=\/wp\/v2\/types\/page"}],"author":[{"embeddable":true,"href":"https:\/\/tmlogistic.pl\/index.php?rest_route=\/wp\/v2\/users\/1"}],"replies":[{"embeddable":true,"href":"https:\/\/tmlogistic.pl\/index.php?rest_route=%2Fwp%2Fv2%2Fcomments&post=426"}],"version-history":[{"count":42,"href":"https:\/\/tmlogistic.pl\/index.php?rest_route=\/wp\/v2\/pages\/426\/revisions"}],"predecessor-version":[{"id":1435,"href":"https:\/\/tmlogistic.pl\/index.php?rest_route=\/wp\/v2\/pages\/426\/revisions\/1435"}],"wp:attachment":[{"href":"https:\/\/tmlogistic.pl\/index.php?rest_route=%2Fwp%2Fv2%2Fmedia&parent=426"}],"curies":[{"name":"wp","href":"https:\/\/api.w.org\/{rel}","templated":true}]}}